{"id":520,"date":"2019-02-05T14:06:49","date_gmt":"2019-02-05T16:06:49","guid":{"rendered":"http:\/\/petshopalvorada.com.br\/2019\/?post_type=product&#038;p=520"},"modified":"2019-02-05T14:06:50","modified_gmt":"2019-02-05T16:06:50","slug":"premier-racas-especificas-maltes-filhotes-peru-e-arroz","status":"publish","type":"product","link":"https:\/\/petshopalvorada.com.br\/2019\/produto\/premier-racas-especificas-maltes-filhotes-peru-e-arroz\/","title":{"rendered":"Premier &#8211; Ra\u00e7as Espec\u00edficas Malt\u00eas Filhotes &#8211; Peru e Arroz"},"content":{"rendered":"","protected":false},"excerpt":{"rendered":"","protected":false},"featured_media":521,"comment_status":"open","ping_status":"closed","template":"","meta":[],"product_cat":[22,21,20],"product_tag":[],"_links":{"self":[{"href":"https:\/\/petshopalvorada.com.br\/2019\/wp-json\/wp\/v2\/product\/520"}],"collection":[{"href":"https:\/\/petshopalvorada.com.br\/2019\/wp-json\/wp\/v2\/product"}],"about":[{"href":"https:\/\/petshopalvorada.com.br\/2019\/wp-json\/wp\/v2\/types\/product"}],"replies":[{"embeddable":true,"href":"https:\/\/petshopalvorada.com.br\/2019\/wp-json\/wp\/v2\/comments?post=520"}],"wp:featuredmedia":[{"embeddable":true,"href":"https:\/\/petshopalvorada.com.br\/2019\/wp-json\/wp\/v2\/media\/521"}],"wp:attachment":[{"href":"https:\/\/petshopalvorada.com.br\/2019\/wp-json\/wp\/v2\/media?parent=520"}],"wp:term":[{"taxonomy":"product_cat","embeddable":true,"href":"https:\/\/petshopalvorada.com.br\/2019\/wp-json\/wp\/v2\/product_cat?post=520"},{"taxonomy":"product_tag","embeddable":true,"href":"https:\/\/petshopalvorada.com.br\/2019\/wp-json\/wp\/v2\/product_tag?post=520"}],"curies":[{"name":"wp","href":"https:\/\/api.w.org\/{rel}","templated":true}]}}