{"id":472,"date":"2019-02-05T12:11:06","date_gmt":"2019-02-05T14:11:06","guid":{"rendered":"http:\/\/petshopalvorada.com.br\/2019\/?post_type=product&#038;p=472"},"modified":"2019-02-05T12:52:14","modified_gmt":"2019-02-05T14:52:14","slug":"premier-nutricao-clinica-adultos-diabetes-medio-grande-porte","status":"publish","type":"product","link":"https:\/\/petshopalvorada.com.br\/2019\/produto\/premier-nutricao-clinica-adultos-diabetes-medio-grande-porte\/","title":{"rendered":"Premier &#8211; Nutri\u00e7\u00e3o Cl\u00ednica Adultos &#8211; Obesidade &#8211; M\u00e9dio Grande Porte"},"content":{"rendered":"","protected":false},"excerpt":{"rendered":"","protected":false},"featured_media":473,"comment_status":"open","ping_status":"closed","template":"","meta":[],"product_cat":[22,21,20],"product_tag":[],"_links":{"self":[{"href":"https:\/\/petshopalvorada.com.br\/2019\/wp-json\/wp\/v2\/product\/472"}],"collection":[{"href":"https:\/\/petshopalvorada.com.br\/2019\/wp-json\/wp\/v2\/product"}],"about":[{"href":"https:\/\/petshopalvorada.com.br\/2019\/wp-json\/wp\/v2\/types\/product"}],"replies":[{"embeddable":true,"href":"https:\/\/petshopalvorada.com.br\/2019\/wp-json\/wp\/v2\/comments?post=472"}],"wp:featuredmedia":[{"embeddable":true,"href":"https:\/\/petshopalvorada.com.br\/2019\/wp-json\/wp\/v2\/media\/473"}],"wp:attachment":[{"href":"https:\/\/petshopalvorada.com.br\/2019\/wp-json\/wp\/v2\/media?parent=472"}],"wp:term":[{"taxonomy":"product_cat","embeddable":true,"href":"https:\/\/petshopalvorada.com.br\/2019\/wp-json\/wp\/v2\/product_cat?post=472"},{"taxonomy":"product_tag","embeddable":true,"href":"https:\/\/petshopalvorada.com.br\/2019\/wp-json\/wp\/v2\/product_tag?post=472"}],"curies":[{"name":"wp","href":"https:\/\/api.w.org\/{rel}","templated":true}]}}