{"id":463,"date":"2019-02-04T15:56:12","date_gmt":"2019-02-04T17:56:12","guid":{"rendered":"http:\/\/petshopalvorada.com.br\/2019\/?post_type=product&#038;p=463"},"modified":"2019-02-05T12:19:44","modified_gmt":"2019-02-05T14:19:44","slug":"premier-nutricao-clinica-adultos-diabetes-pequeno-porte","status":"publish","type":"product","link":"https:\/\/petshopalvorada.com.br\/2019\/produto\/premier-nutricao-clinica-adultos-diabetes-pequeno-porte\/","title":{"rendered":"Premier &#8211; Nutri\u00e7\u00e3o Cl\u00ednica Adultos &#8211; Diabetes &#8211; Pequeno Porte"},"content":{"rendered":"","protected":false},"excerpt":{"rendered":"","protected":false},"featured_media":464,"comment_status":"open","ping_status":"closed","template":"","meta":[],"product_cat":[22,21,20],"product_tag":[],"_links":{"self":[{"href":"https:\/\/petshopalvorada.com.br\/2019\/wp-json\/wp\/v2\/product\/463"}],"collection":[{"href":"https:\/\/petshopalvorada.com.br\/2019\/wp-json\/wp\/v2\/product"}],"about":[{"href":"https:\/\/petshopalvorada.com.br\/2019\/wp-json\/wp\/v2\/types\/product"}],"replies":[{"embeddable":true,"href":"https:\/\/petshopalvorada.com.br\/2019\/wp-json\/wp\/v2\/comments?post=463"}],"wp:featuredmedia":[{"embeddable":true,"href":"https:\/\/petshopalvorada.com.br\/2019\/wp-json\/wp\/v2\/media\/464"}],"wp:attachment":[{"href":"https:\/\/petshopalvorada.com.br\/2019\/wp-json\/wp\/v2\/media?parent=463"}],"wp:term":[{"taxonomy":"product_cat","embeddable":true,"href":"https:\/\/petshopalvorada.com.br\/2019\/wp-json\/wp\/v2\/product_cat?post=463"},{"taxonomy":"product_tag","embeddable":true,"href":"https:\/\/petshopalvorada.com.br\/2019\/wp-json\/wp\/v2\/product_tag?post=463"}],"curies":[{"name":"wp","href":"https:\/\/api.w.org\/{rel}","templated":true}]}}