{"id":461,"date":"2019-02-04T15:54:59","date_gmt":"2019-02-04T17:54:59","guid":{"rendered":"http:\/\/petshopalvorada.com.br\/2019\/?post_type=product&#038;p=461"},"modified":"2019-02-05T12:18:45","modified_gmt":"2019-02-05T14:18:45","slug":"premier-nutricao-clinica-adultos-diabetes-medio-e-grande-porte","status":"publish","type":"product","link":"https:\/\/petshopalvorada.com.br\/2019\/produto\/premier-nutricao-clinica-adultos-diabetes-medio-e-grande-porte\/","title":{"rendered":"Premier &#8211; Nutri\u00e7\u00e3o Cl\u00ednica Adultos &#8211; Diabetes &#8211; M\u00e9dio e Grande Porte"},"content":{"rendered":"","protected":false},"excerpt":{"rendered":"","protected":false},"featured_media":462,"comment_status":"open","ping_status":"closed","template":"","meta":[],"product_cat":[22,21,20],"product_tag":[],"_links":{"self":[{"href":"https:\/\/petshopalvorada.com.br\/2019\/wp-json\/wp\/v2\/product\/461"}],"collection":[{"href":"https:\/\/petshopalvorada.com.br\/2019\/wp-json\/wp\/v2\/product"}],"about":[{"href":"https:\/\/petshopalvorada.com.br\/2019\/wp-json\/wp\/v2\/types\/product"}],"replies":[{"embeddable":true,"href":"https:\/\/petshopalvorada.com.br\/2019\/wp-json\/wp\/v2\/comments?post=461"}],"wp:featuredmedia":[{"embeddable":true,"href":"https:\/\/petshopalvorada.com.br\/2019\/wp-json\/wp\/v2\/media\/462"}],"wp:attachment":[{"href":"https:\/\/petshopalvorada.com.br\/2019\/wp-json\/wp\/v2\/media?parent=461"}],"wp:term":[{"taxonomy":"product_cat","embeddable":true,"href":"https:\/\/petshopalvorada.com.br\/2019\/wp-json\/wp\/v2\/product_cat?post=461"},{"taxonomy":"product_tag","embeddable":true,"href":"https:\/\/petshopalvorada.com.br\/2019\/wp-json\/wp\/v2\/product_tag?post=461"}],"curies":[{"name":"wp","href":"https:\/\/api.w.org\/{rel}","templated":true}]}}