{"id":207,"date":"2018-11-04T16:18:37","date_gmt":"2018-11-04T18:18:37","guid":{"rendered":"http:\/\/petshopalvorada.com.br\/2019\/?post_type=product&#038;p=207"},"modified":"2018-11-04T16:21:21","modified_gmt":"2018-11-04T18:21:21","slug":"ambientes-internos-papinha-desmame","status":"publish","type":"product","link":"https:\/\/petshopalvorada.com.br\/2019\/produto\/ambientes-internos-papinha-desmame\/","title":{"rendered":"Premier &#8211; Ambientes Internos &#8211; Papinha Desmame"},"content":{"rendered":"","protected":false},"excerpt":{"rendered":"<p>A fase mais delicada na vida dos filhotes \u00e9 quando ele se separa de sua m\u00e3e e come\u00e7a a conviver com nossa fam\u00edlia.<br \/>\nA transi\u00e7\u00e3o suave do leite materno para o alimento s\u00f3lido \u00e9 essencial para que ele mantenha sua sa\u00fade e se adapte com prazer a essa nova alimenta\u00e7\u00e3o.<\/p>\n<p>PremieR Ambientes Internos Papinha Desmame \u00e9 um alimento Super Premium em p\u00f3 que prepara seu filhote para receber uma alimenta\u00e7\u00e3o s\u00f3lida, sem que ele sinta a falta do leite materno.<\/p>\n<p>Para isso, sua f\u00f3rmula exclusiva com leite sem lactose apresenta excelente sabor e mant\u00e9m a sa\u00fade do intestino, evitando problemas por rejei\u00e7\u00e3o \u00e0 lactose. PremieR Ambientes Internos Papinha Desmame \u00e9 um alimento completo e balanceado que satisfaz 100% das necessidades nutricionais dos filhotes em crescimento.<\/p>\n<p>Os n\u00edveis ideais de prote\u00ednas, gorduras, vitaminas e minerais (como c\u00e1lcio e f\u00f3sforo) asseguram o perfeito desenvolvimento \u00f3sseo-muscular do seu filhote. Desenvolvido segundo a filosofia de Nutri\u00e7\u00e3o \u00d3tima, PremieR Ambientes Internos Papinha Desmame \u00e9 produzido exclusivamente com as mat\u00e9rias-primas de mais alto valor nutricional e digestibilidade.<\/p>\n","protected":false},"featured_media":208,"comment_status":"open","ping_status":"closed","template":"","meta":[],"product_cat":[22,21,20],"product_tag":[],"_links":{"self":[{"href":"https:\/\/petshopalvorada.com.br\/2019\/wp-json\/wp\/v2\/product\/207"}],"collection":[{"href":"https:\/\/petshopalvorada.com.br\/2019\/wp-json\/wp\/v2\/product"}],"about":[{"href":"https:\/\/petshopalvorada.com.br\/2019\/wp-json\/wp\/v2\/types\/product"}],"replies":[{"embeddable":true,"href":"https:\/\/petshopalvorada.com.br\/2019\/wp-json\/wp\/v2\/comments?post=207"}],"wp:featuredmedia":[{"embeddable":true,"href":"https:\/\/petshopalvorada.com.br\/2019\/wp-json\/wp\/v2\/media\/208"}],"wp:attachment":[{"href":"https:\/\/petshopalvorada.com.br\/2019\/wp-json\/wp\/v2\/media?parent=207"}],"wp:term":[{"taxonomy":"product_cat","embeddable":true,"href":"https:\/\/petshopalvorada.com.br\/2019\/wp-json\/wp\/v2\/product_cat?post=207"},{"taxonomy":"product_tag","embeddable":true,"href":"https:\/\/petshopalvorada.com.br\/2019\/wp-json\/wp\/v2\/product_tag?post=207"}],"curies":[{"name":"wp","href":"https:\/\/api.w.org\/{rel}","templated":true}]}}