{"id":1856,"date":"2019-02-22T16:20:59","date_gmt":"2019-02-22T19:20:59","guid":{"rendered":"http:\/\/petshopalvorada.com.br\/2019\/?post_type=product&#038;p=1856"},"modified":"2019-02-22T16:20:59","modified_gmt":"2019-02-22T19:20:59","slug":"furacao-pet-pelucia-bastao-animal","status":"publish","type":"product","link":"https:\/\/petshopalvorada.com.br\/2019\/produto\/furacao-pet-pelucia-bastao-animal\/","title":{"rendered":"Furac\u00e3o Pet &#8211; Pel\u00facia &#8211; Bast\u00e3o Animal"},"content":{"rendered":"","protected":false},"excerpt":{"rendered":"","protected":false},"featured_media":1857,"comment_status":"open","ping_status":"closed","template":"","meta":[],"product_cat":[22,32,61],"product_tag":[],"_links":{"self":[{"href":"https:\/\/petshopalvorada.com.br\/2019\/wp-json\/wp\/v2\/product\/1856"}],"collection":[{"href":"https:\/\/petshopalvorada.com.br\/2019\/wp-json\/wp\/v2\/product"}],"about":[{"href":"https:\/\/petshopalvorada.com.br\/2019\/wp-json\/wp\/v2\/types\/product"}],"replies":[{"embeddable":true,"href":"https:\/\/petshopalvorada.com.br\/2019\/wp-json\/wp\/v2\/comments?post=1856"}],"wp:featuredmedia":[{"embeddable":true,"href":"https:\/\/petshopalvorada.com.br\/2019\/wp-json\/wp\/v2\/media\/1857"}],"wp:attachment":[{"href":"https:\/\/petshopalvorada.com.br\/2019\/wp-json\/wp\/v2\/media?parent=1856"}],"wp:term":[{"taxonomy":"product_cat","embeddable":true,"href":"https:\/\/petshopalvorada.com.br\/2019\/wp-json\/wp\/v2\/product_cat?post=1856"},{"taxonomy":"product_tag","embeddable":true,"href":"https:\/\/petshopalvorada.com.br\/2019\/wp-json\/wp\/v2\/product_tag?post=1856"}],"curies":[{"name":"wp","href":"https:\/\/api.w.org\/{rel}","templated":true}]}}