{"id":24,"date":"2018-10-31T14:57:24","date_gmt":"2018-10-31T16:57:24","guid":{"rendered":"http:\/\/petshopalvorada.com.br\/2019\/?page_id=24"},"modified":"2023-08-28T10:59:06","modified_gmt":"2023-08-28T13:59:06","slug":"sobre-o-petshop-alvorada","status":"publish","type":"page","link":"https:\/\/petshopalvorada.com.br\/2019\/sobre-o-petshop-alvorada\/","title":{"rendered":"Sobre o Petshop Alvorada"},"content":{"rendered":"[vc_row type=&#8221;full_width_background&#8221; full_screen_row_position=&#8221;middle&#8221; bg_image=&#8221;52&#8243; bg_position=&#8221;center top&#8221; bg_repeat=&#8221;no-repeat&#8221; scene_position=&#8221;center&#8221; text_color=&#8221;dark&#8221; text_align=&#8221;left&#8221; class=&#8221;pageheaderDesktop&#8221; overlay_strength=&#8221;0.3&#8243; shape_divider_position=&#8221;bottom&#8221; bg_image_animation=&#8221;none&#8221; shape_type=&#8221;&#8221;][vc_column column_padding=&#8221;no-extra-padding&#8221; column_padding_position=&#8221;all&#8221; background_color_opacity=&#8221;1&#8243; background_hover_color_opacity=&#8221;1&#8243; column_link_target=&#8221;_self&#8221; column_shadow=&#8221;none&#8221; column_border_radius=&#8221;none&#8221; width=&#8221;1\/6&#8243; tablet_width_inherit=&#8221;default&#8221; tablet_text_alignment=&#8221;default&#8221; phone_text_alignment=&#8221;default&#8221; column_border_width=&#8221;none&#8221; column_border_style=&#8221;solid&#8221; bg_image_animation=&#8221;none&#8221;]<div class=\"img-with-aniamtion-wrap \" data-max-width=\"100%\" data-border-radius=\"none\"><div class=\"inner\"><img decoding=\"async\" data-shadow=\"none\" data-shadow-direction=\"middle\" class=\"img-with-animation skip-lazy \" data-delay=\"0\" height=\"84\" width=\"18\"  data-animation=\"fade-in\" src=\"https:\/\/petshopalvorada.com.br\/2019\/wp-content\/uploads\/2018\/10\/page-header-bg-FX.png\"  alt=\"\" \/><\/div><\/div>[\/vc_column][vc_column column_padding=&#8221;no-extra-padding&#8221; column_padding_position=&#8221;all&#8221; background_color_opacity=&#8221;1&#8243; background_hover_color_opacity=&#8221;1&#8243; column_link_target=&#8221;_self&#8221; column_shadow=&#8221;none&#8221; column_border_radius=&#8221;none&#8221; width=&#8221;5\/6&#8243; tablet_width_inherit=&#8221;default&#8221; tablet_text_alignment=&#8221;default&#8221; phone_text_alignment=&#8221;default&#8221; column_border_width=&#8221;none&#8221; column_border_style=&#8221;solid&#8221; bg_image_animation=&#8221;none&#8221;][vc_column_text]\n<h1 class=\"page-header-tittle\" style=\"text-align: right;\">Sobre o Petshop Alvorada<\/h1>\n[\/vc_column_text][\/vc_column][\/vc_row][vc_row type=&#8221;full_width_background&#8221; full_screen_row_position=&#8221;middle&#8221; bg_color=&#8221;#ffffff&#8221; scene_position=&#8221;center&#8221; text_color=&#8221;dark&#8221; text_align=&#8221;left&#8221; class=&#8221;pageheaderMobile&#8221; overlay_strength=&#8221;0.3&#8243; shape_divider_position=&#8221;bottom&#8221; bg_image_animation=&#8221;none&#8221; shape_type=&#8221;&#8221;][vc_column column_padding=&#8221;no-extra-padding&#8221; column_padding_position=&#8221;all&#8221; background_color_opacity=&#8221;1&#8243; background_hover_color_opacity=&#8221;1&#8243; column_link_target=&#8221;_self&#8221; column_shadow=&#8221;none&#8221; column_border_radius=&#8221;none&#8221; width=&#8221;1\/1&#8243; tablet_width_inherit=&#8221;default&#8221; tablet_text_alignment=&#8221;default&#8221; phone_text_alignment=&#8221;default&#8221; column_border_width=&#8221;none&#8221; column_border_style=&#8221;solid&#8221; bg_image_animation=&#8221;none&#8221;][vc_column_text]\n<h1 class=\"page-header-tittle\" style=\"text-align: right;\">Sobre o Petshop Alvorada<\/h1>\n[\/vc_column_text][\/vc_column][\/vc_row][vc_row type=&#8221;in_container&#8221; full_screen_row_position=&#8221;middle&#8221; scene_position=&#8221;center&#8221; text_color=&#8221;dark&#8221; text_align=&#8221;left&#8221; overlay_strength=&#8221;0.3&#8243; shape_divider_position=&#8221;bottom&#8221; bg_image_animation=&#8221;none&#8221;][vc_column column_padding=&#8221;no-extra-padding&#8221; column_padding_position=&#8221;all&#8221; background_color_opacity=&#8221;1&#8243; background_hover_color_opacity=&#8221;1&#8243; column_link_target=&#8221;_self&#8221; column_shadow=&#8221;none&#8221; column_border_radius=&#8221;none&#8221; width=&#8221;1\/2&#8243; tablet_width_inherit=&#8221;default&#8221; tablet_text_alignment=&#8221;default&#8221; phone_text_alignment=&#8221;default&#8221; column_border_width=&#8221;none&#8221; column_border_style=&#8221;solid&#8221; bg_image_animation=&#8221;none&#8221;][vc_column_text]\n<h3 class=\"tittles\">Nossa Hist\u00f3ria<\/h3>\n[\/vc_column_text][vc_column_text el_class=&#8221;txtUP&#8221;]\n<div class=\"wpb_text_column wpb_content_element \">\n<div class=\"wpb_wrapper\">\n<p>A empresa Petshop Alvorada teve in\u00edcio em 2004 e foi fundada por pessoas motivadas pela necessidade de oferecer melhores servi\u00e7os e produtos nos diferentes seguimentos deste setor. A empresa preza em informar aos propriet\u00e1rios para que os mesmos cuidem do bem estar de seus animais.<\/p>\n<p>Em nossa <strong>Cl\u00ednica Veterin\u00e1ria <\/strong>temos competentes Veterin\u00e1rias com experi\u00eancia e \u00f3tima forma\u00e7\u00e3o. Possu\u00edmos um suporte completo com exames, interna\u00e7\u00f5es diurnas e cirurgias.<\/p>\n<p>Trabalhamos com fornecedores qualificados, procurando sempre nos atualizarmos com as \u00faltimas novidades do mercado pet. Possu\u00edmos a maior Farm\u00e1cia Veterin\u00e1ria da regi\u00e3o com pre\u00e7os especiais.<\/p>\n<\/div>\n<\/div>\n[\/vc_column_text][\/vc_column][vc_column column_padding=&#8221;no-extra-padding&#8221; column_padding_position=&#8221;all&#8221; background_color_opacity=&#8221;1&#8243; background_hover_color_opacity=&#8221;1&#8243; column_link_target=&#8221;_self&#8221; column_shadow=&#8221;none&#8221; column_border_radius=&#8221;none&#8221; width=&#8221;1\/2&#8243; tablet_width_inherit=&#8221;default&#8221; tablet_text_alignment=&#8221;default&#8221; phone_text_alignment=&#8221;default&#8221; column_border_width=&#8221;none&#8221; column_border_style=&#8221;solid&#8221; bg_image_animation=&#8221;none&#8221;]<div class=\"img-with-aniamtion-wrap center\" data-max-width=\"100%\" data-border-radius=\"none\"><div class=\"inner\"><img fetchpriority=\"high\" decoding=\"async\" data-shadow=\"none\" data-shadow-direction=\"middle\" class=\"img-with-animation skip-lazy \" data-delay=\"0\" height=\"600\" width=\"814\"  data-animation=\"fade-in\" src=\"https:\/\/petshopalvorada.com.br\/2019\/wp-content\/uploads\/2020\/12\/empresa-img-2020.png\" srcset=\"https:\/\/petshopalvorada.com.br\/2019\/wp-content\/uploads\/2020\/12\/empresa-img-2020.png 814w, https:\/\/petshopalvorada.com.br\/2019\/wp-content\/uploads\/2020\/12\/empresa-img-2020-300x221.png 300w, https:\/\/petshopalvorada.com.br\/2019\/wp-content\/uploads\/2020\/12\/empresa-img-2020-768x566.png 768w, https:\/\/petshopalvorada.com.br\/2019\/wp-content\/uploads\/2020\/12\/empresa-img-2020-600x442.png 600w\" sizes=\"100vw\" alt=\"\" \/><\/div><\/div>[\/vc_column][\/vc_row][vc_row type=&#8221;full_width_background&#8221; full_screen_row_position=&#8221;middle&#8221; equal_height=&#8221;yes&#8221; content_placement=&#8221;top&#8221; bg_image=&#8221;60&#8243; bg_position=&#8221;center top&#8221; bg_repeat=&#8221;no-repeat&#8221; scene_position=&#8221;center&#8221; text_color=&#8221;dark&#8221; text_align=&#8221;left&#8221; top_padding=&#8221;3%&#8221; bottom_padding=&#8221;3%&#8221; overlay_strength=&#8221;0.3&#8243; shape_divider_position=&#8221;bottom&#8221; bg_image_animation=&#8221;none&#8221; parallax_bg=&#8221;true&#8221; parallax_bg_speed=&#8221;slow&#8221; shape_type=&#8221;&#8221;][vc_column column_padding=&#8221;no-extra-padding&#8221; column_padding_position=&#8221;all&#8221; background_color_opacity=&#8221;1&#8243; background_hover_color_opacity=&#8221;1&#8243; column_link_target=&#8221;_self&#8221; column_shadow=&#8221;none&#8221; column_border_radius=&#8221;none&#8221; el_class=&#8221;boxEmpresa&#8221; width=&#8221;1\/3&#8243; tablet_width_inherit=&#8221;default&#8221; tablet_text_alignment=&#8221;default&#8221; phone_text_alignment=&#8221;default&#8221; column_border_width=&#8221;none&#8221; column_border_style=&#8221;solid&#8221; bg_image_animation=&#8221;none&#8221;][vc_column_text]\n<h3 class=\"tittlesEmpresa\">Miss\u00e3o<\/h3>\n[\/vc_column_text][vc_column_text el_class=&#8221;txtUP&#8221;]<strong>N\u00f3s do Petshop Alvorada temos como miss\u00e3o oferecer sempre o melhor Servi\u00e7o, Produto e Atendimento, garantindo sempre a satisfa\u00e7\u00e3o dos clientes e de seus propriet\u00e1rios.<\/strong><\/p>\n<p>Manter os propriet\u00e1rios informados \u00e9 essencial para sa\u00fade dos Pets, por isso, o Petshop Alvorada traz consigo a responsabilidade de oferecer todos os recursos para que isso aconte\u00e7a.[\/vc_column_text][\/vc_column][vc_column column_padding=&#8221;no-extra-padding&#8221; column_padding_position=&#8221;all&#8221; background_color_opacity=&#8221;1&#8243; background_hover_color_opacity=&#8221;1&#8243; column_link_target=&#8221;_self&#8221; column_shadow=&#8221;none&#8221; column_border_radius=&#8221;none&#8221; el_class=&#8221;boxEmpresa&#8221; width=&#8221;1\/3&#8243; tablet_width_inherit=&#8221;default&#8221; tablet_text_alignment=&#8221;default&#8221; phone_text_alignment=&#8221;default&#8221; column_border_width=&#8221;none&#8221; column_border_style=&#8221;solid&#8221; bg_image_animation=&#8221;none&#8221;][vc_column_text]\n<h3 class=\"tittlesEmpresa\">Vis\u00e3o<\/h3>\n[\/vc_column_text][vc_column_text el_class=&#8221;txtUP&#8221;]<strong>O Petshop busca ser reconhecido, at\u00e9 2024, como o melhor Pet Shop do Rio de Janeiro em qualidade no atendimento aos clientes, ter os \u00faltimos lan\u00e7amentos de produtos e os melhores servi\u00e7os.<\/strong><\/p>\n<p>Sem esquecer dos seus principais valores, respeitando os animais e os propriet\u00e1rios.[\/vc_column_text][\/vc_column][vc_column column_padding=&#8221;no-extra-padding&#8221; column_padding_position=&#8221;all&#8221; background_color_opacity=&#8221;1&#8243; background_hover_color_opacity=&#8221;1&#8243; column_link_target=&#8221;_self&#8221; column_shadow=&#8221;none&#8221; column_border_radius=&#8221;none&#8221; el_class=&#8221;boxEmpresa&#8221; width=&#8221;1\/3&#8243; tablet_width_inherit=&#8221;default&#8221; tablet_text_alignment=&#8221;default&#8221; phone_text_alignment=&#8221;default&#8221; column_border_width=&#8221;none&#8221; column_border_style=&#8221;solid&#8221; bg_image_animation=&#8221;none&#8221;][vc_column_text]\n<h3 class=\"tittlesEmpresa\">Valores<\/h3>\n[\/vc_column_text][vc_column_text el_class=&#8221;txtUP&#8221;]\n<ul>\n<li>Responsabilidade;<\/li>\n<li>\u00c9tica;<\/li>\n<li>Respeito aos animais;<\/li>\n<li>Qualidade no atendimento;<\/li>\n<li>Qualidade nos produtos e servi\u00e7os;<\/li>\n<li>Comprometimento total com os nossos clientes, propriet\u00e1rios, colaboradores e fornecedores.<\/li>\n<\/ul>\n[\/vc_column_text][\/vc_column][\/vc_row][vc_row type=&#8221;in_container&#8221; full_screen_row_position=&#8221;middle&#8221; scene_position=&#8221;center&#8221; text_color=&#8221;dark&#8221; text_align=&#8221;left&#8221; top_padding=&#8221;30&#8243; overlay_strength=&#8221;0.3&#8243; shape_divider_position=&#8221;bottom&#8221; bg_image_animation=&#8221;none&#8221; shape_type=&#8221;&#8221;][vc_column column_padding=&#8221;no-extra-padding&#8221; column_padding_position=&#8221;all&#8221; background_color_opacity=&#8221;1&#8243; background_hover_color_opacity=&#8221;1&#8243; column_link_target=&#8221;_self&#8221; column_shadow=&#8221;none&#8221; column_border_radius=&#8221;none&#8221; width=&#8221;1\/1&#8243; tablet_width_inherit=&#8221;default&#8221; tablet_text_alignment=&#8221;default&#8221; phone_text_alignment=&#8221;default&#8221; column_border_width=&#8221;none&#8221; column_border_style=&#8221;solid&#8221; bg_image_animation=&#8221;none&#8221;]<div class=\"img-with-aniamtion-wrap center\" data-max-width=\"100%\" data-border-radius=\"none\"><div class=\"inner\"><img decoding=\"async\" data-shadow=\"none\" data-shadow-direction=\"middle\" class=\"img-with-animation skip-lazy \" data-delay=\"0\" height=\"310\" width=\"1200\"  data-animation=\"fade-in\" src=\"https:\/\/petshopalvorada.com.br\/2019\/wp-content\/uploads\/2020\/12\/15anos.png\" srcset=\"https:\/\/petshopalvorada.com.br\/2019\/wp-content\/uploads\/2020\/12\/15anos.png 1200w, https:\/\/petshopalvorada.com.br\/2019\/wp-content\/uploads\/2020\/12\/15anos-300x78.png 300w, https:\/\/petshopalvorada.com.br\/2019\/wp-content\/uploads\/2020\/12\/15anos-768x198.png 768w, https:\/\/petshopalvorada.com.br\/2019\/wp-content\/uploads\/2020\/12\/15anos-1024x265.png 1024w, https:\/\/petshopalvorada.com.br\/2019\/wp-content\/uploads\/2020\/12\/15anos-600x155.png 600w\" sizes=\"100vw\" alt=\"\" \/><\/div><\/div>[\/vc_column][\/vc_row][vc_row type=&#8221;in_container&#8221; full_screen_row_position=&#8221;middle&#8221; equal_height=&#8221;yes&#8221; content_placement=&#8221;middle&#8221; scene_position=&#8221;center&#8221; text_color=&#8221;dark&#8221; text_align=&#8221;left&#8221; top_padding=&#8221;20&#8243; bottom_padding=&#8221;20&#8243; overlay_strength=&#8221;0.3&#8243; shape_divider_position=&#8221;bottom&#8221; bg_image_animation=&#8221;none&#8221; shape_type=&#8221;&#8221;][vc_column column_padding=&#8221;no-extra-padding&#8221; column_padding_position=&#8221;all&#8221; background_color_opacity=&#8221;1&#8243; background_hover_color_opacity=&#8221;1&#8243; column_link_target=&#8221;_self&#8221; column_shadow=&#8221;none&#8221; column_border_radius=&#8221;none&#8221; width=&#8221;1\/2&#8243; tablet_width_inherit=&#8221;default&#8221; tablet_text_alignment=&#8221;default&#8221; phone_text_alignment=&#8221;default&#8221; column_border_width=&#8221;none&#8221; column_border_style=&#8221;solid&#8221; bg_image_animation=&#8221;none&#8221;]<div class=\"img-with-aniamtion-wrap center\" data-max-width=\"100%\" data-border-radius=\"none\"><div class=\"inner\"><img loading=\"lazy\" decoding=\"async\" data-shadow=\"none\" data-shadow-direction=\"middle\" class=\"img-with-animation skip-lazy \" data-delay=\"0\" height=\"700\" width=\"1000\"  data-animation=\"fade-in\" src=\"https:\/\/petshopalvorada.com.br\/2019\/wp-content\/uploads\/2020\/04\/premio-home-2020.png\" srcset=\"https:\/\/petshopalvorada.com.br\/2019\/wp-content\/uploads\/2020\/04\/premio-home-2020.png 1000w, https:\/\/petshopalvorada.com.br\/2019\/wp-content\/uploads\/2020\/04\/premio-home-2020-300x210.png 300w, https:\/\/petshopalvorada.com.br\/2019\/wp-content\/uploads\/2020\/04\/premio-home-2020-768x538.png 768w, https:\/\/petshopalvorada.com.br\/2019\/wp-content\/uploads\/2020\/04\/premio-home-2020-600x420.png 600w\" sizes=\"100vw\" alt=\"\" \/><\/div><\/div>[\/vc_column][vc_column column_padding=&#8221;no-extra-padding&#8221; column_padding_position=&#8221;all&#8221; background_color_opacity=&#8221;1&#8243; background_hover_color_opacity=&#8221;1&#8243; column_link_target=&#8221;_self&#8221; column_shadow=&#8221;none&#8221; column_border_radius=&#8221;none&#8221; width=&#8221;1\/2&#8243; tablet_width_inherit=&#8221;default&#8221; tablet_text_alignment=&#8221;default&#8221; phone_text_alignment=&#8221;default&#8221; column_border_width=&#8221;none&#8221; column_border_style=&#8221;solid&#8221; bg_image_animation=&#8221;none&#8221;][vc_column_text]O Pr\u00eamio de Qualidade no Atendimento ao Consumidor \u00e9 uma iniciativa da C\u00e2mara Municipal de Nova Igua\u00e7u, em parceria com o Sincovani e o Sebrae. Este ano foram premiadas 43 empresas do ramo do com\u00e9rcio, de diversas categorias.<\/p>\n<p>\u00c9 um orgulho nosso compartilhar que ganhamos pela 5\u00aa vez consecutiva este pr\u00eamio que, para n\u00f3s, representa muito.<\/p>\n<p>Quando pensamos em atendimento, voltamos nossa aten\u00e7\u00e3o ao fato de querer que cada cliente, amigo e parceiro se sinta em casa, em nossas lojas.<\/p>\n<p>Batalhamos para melhorar, cada vez mais, n\u00e3o s\u00f3 com atendimento, mas com estrutura, pre\u00e7os, novidades, engajamento social&#8230; queremos continuar crescendo e n\u00e3o poder\u00edamos fazer isso sem voc\u00eas.<\/p>\n<p>Queremos, mais uma vez, agradecer o carinho, a presen\u00e7a, o acompanhamento e a prefer\u00eancia pelo Petshop Alvorada.<\/p>\n<p>Nossa equipe, que \u00e9 uma grande fam\u00edlia, agradece.[\/vc_column_text][\/vc_column][\/vc_row]\n","protected":false},"excerpt":{"rendered":"<p>[vc_row type=&#8221;full_width_background&#8221; full_screen_row_position=&#8221;middle&#8221; bg_image=&#8221;52&#8243; bg_position=&#8221;center top&#8221; bg_repeat=&#8221;no-repeat&#8221; scene_position=&#8221;center&#8221; text_color=&#8221;dark&#8221; text_align=&#8221;left&#8221; class=&#8221;pageheaderDesktop&#8221; overlay_strength=&#8221;0.3&#8243; shape_divider_position=&#8221;bottom&#8221; bg_image_animation=&#8221;none&#8221; shape_type=&#8221;&#8221;][vc_column column_padding=&#8221;no-extra-padding&#8221; column_padding_position=&#8221;all&#8221; background_color_opacity=&#8221;1&#8243; background_hover_color_opacity=&#8221;1&#8243; column_link_target=&#8221;_self&#8221; column_shadow=&#8221;none&#8221; column_border_radius=&#8221;none&#8221; width=&#8221;1\/6&#8243; tablet_width_inherit=&#8221;default&#8221; tablet_text_alignment=&#8221;default&#8221; phone_text_alignment=&#8221;default&#8221; column_border_width=&#8221;none&#8221; column_border_style=&#8221;solid&#8221; bg_image_animation=&#8221;none&#8221;][\/vc_column][vc_column column_padding=&#8221;no-extra-padding&#8221;&#8230;<\/p>\n","protected":false},"author":1,"featured_media":0,"parent":0,"menu_order":0,"comment_status":"closed","ping_status":"closed","template":"","meta":{"footnotes":""},"_links":{"self":[{"href":"https:\/\/petshopalvorada.com.br\/2019\/wp-json\/wp\/v2\/pages\/24"}],"collection":[{"href":"https:\/\/petshopalvorada.com.br\/2019\/wp-json\/wp\/v2\/pages"}],"about":[{"href":"https:\/\/petshopalvorada.com.br\/2019\/wp-json\/wp\/v2\/types\/page"}],"author":[{"embeddable":true,"href":"https:\/\/petshopalvorada.com.br\/2019\/wp-json\/wp\/v2\/users\/1"}],"replies":[{"embeddable":true,"href":"https:\/\/petshopalvorada.com.br\/2019\/wp-json\/wp\/v2\/comments?post=24"}],"version-history":[{"count":39,"href":"https:\/\/petshopalvorada.com.br\/2019\/wp-json\/wp\/v2\/pages\/24\/revisions"}],"predecessor-version":[{"id":2082,"href":"https:\/\/petshopalvorada.com.br\/2019\/wp-json\/wp\/v2\/pages\/24\/revisions\/2082"}],"wp:attachment":[{"href":"https:\/\/petshopalvorada.com.br\/2019\/wp-json\/wp\/v2\/media?parent=24"}],"curies":[{"name":"wp","href":"https:\/\/api.w.org\/{rel}","templated":true}]}}